{"id":33,"date":"2020-03-03T13:06:31","date_gmt":"2020-03-03T13:06:31","guid":{"rendered":"http:\/\/4sailors.de\/?page_id=33"},"modified":"2020-03-06T18:32:12","modified_gmt":"2020-03-06T18:32:12","slug":"allgemeine-geschaeftsbedingungen","status":"publish","type":"page","link":"https:\/\/4sailors.de\/?page_id=33","title":{"rendered":"Allgemeine Gesch\u00e4ftsbedingungen"},"content":{"rendered":"\t\t<div data-elementor-type=\"wp-page\" data-elementor-id=\"33\" class=\"elementor elementor-33\">\n\t\t\t\t\t\t<section class=\"elementor-section elementor-top-section elementor-element elementor-element-3a64192 elementor-section-boxed elementor-section-height-default elementor-section-height-default\" data-id=\"3a64192\" data-element_type=\"section\">\n\t\t\t\t\t\t<div class=\"elementor-container elementor-column-gap-default\">\n\t\t\t\t\t<div class=\"elementor-column elementor-col-100 elementor-top-column elementor-element elementor-element-601d223\" data-id=\"601d223\" data-element_type=\"column\">\n\t\t\t<div class=\"elementor-widget-wrap elementor-element-populated\">\n\t\t\t\t\t\t<div class=\"elementor-element elementor-element-8ffb85a elementor-widget elementor-widget-heading\" data-id=\"8ffb85a\" data-element_type=\"widget\" data-widget_type=\"heading.default\">\n\t\t\t\t<div class=\"elementor-widget-container\">\n\t\t\t\t\t<h2 class=\"elementor-heading-title elementor-size-default\">Allgemeine Gesch\u00e4ftsbedingungen<\/h2>\t\t\t\t<\/div>\n\t\t\t\t<\/div>\n\t\t\t\t<div class=\"elementor-element elementor-element-03a3e7d elementor-widget elementor-widget-text-editor\" data-id=\"03a3e7d\" data-element_type=\"widget\" data-widget_type=\"text-editor.default\">\n\t\t\t\t<div class=\"elementor-widget-container\">\n\t\t\t\t\t\t\t\t\t<p style=\"margin-bottom: 15px; padding: 0px; color: #474e58; font-family: Arial, Helvetica, sans-serif; font-size: 12.8px; letter-spacing: normal; background-color: #fafafa;\"><b>\u00a0 \u00a0Wassersportschule 4-Sailors<\/b><\/p><p style=\"margin-bottom: 15px; padding: 0px; color: #474e58; font-family: Arial, Helvetica, sans-serif; font-size: 12.8px; letter-spacing: normal; background-color: #fafafa;\"><b>1. Kursteilnehmer und Mieterkreis<\/b><\/p><p style=\"margin-bottom: 15px; padding: 0px; color: #474e58; font-family: Arial, Helvetica, sans-serif; font-size: 12.8px; letter-spacing: normal; background-color: #fafafa;\">Teilnahme- und mietberechtigt ist jede Person, die weder gesundheitlich noch konditionell beeintr\u00e4chtigt ist, den Stand up Paddeln ohne Gefahr f\u00fcr sich und andere auszu\u00fcben. Voraussetzung f\u00fcr die Teilnahme an allen Kursen ist die F\u00e4higkeit, mindestens 15 Minuten im freien Wasser ohne Hilfsmittel schwimmen zu k\u00f6nnen. Bei Minderj\u00e4hrigen ist die Zustimmung des gesetzlichen Vertreters erforderlich.<\/p><p style=\"margin-bottom: 15px; padding: 0px; color: #474e58; font-family: Arial, Helvetica, sans-serif; font-size: 12.8px; letter-spacing: normal; background-color: #fafafa;\"><b>2. Anmeldung\/R\u00fccktritt vom Vertrag<\/b><\/p><p style=\"margin-bottom: 15px; padding: 0px; color: #474e58; font-family: Arial, Helvetica, sans-serif; font-size: 12.8px; letter-spacing: normal; background-color: #fafafa;\">a) Die Anmeldung zu einem Sup-Kurs bedarf der Schriftform (Internet-Anmeldeformular eingeschlossen). Bei Minderj\u00e4hrigen ist zur Wirksamkeit der rechtsgesch\u00e4ftlichen Erkl\u00e4rung die schriftliche Zustimmung des gesetzlichen Vertreters beizubringen.<\/p><p style=\"margin-bottom: 15px; padding: 0px; color: #474e58; font-family: Arial, Helvetica, sans-serif; font-size: 12.8px; letter-spacing: normal; background-color: #fafafa;\">b) Ein R\u00fccktritt vom Vertrag ist schriftlich zu erkl\u00e4ren. Erfolgt der R\u00fccktritt 2 Tage vor Kursbeginn\/Mietbeginn wird die geleistete Anzahlung von 50% des jeweiligen Kurspreises\/Mietpreises in Abweichung zu \u00a7 346 Abs. 1 BGB einbehalten, wenn kein Ersatzteilnehmer\/ Mieter gestellt wird. Bei einem innerhalb der 1-Tagesfrist erkl\u00e4rtem R\u00fccktritt sind weitere 100% der Kurskosten \u00a0f\u00e4llig, sofern ein Ersatzteilnehmer nicht gestellt wird.<\/p><p style=\"margin-bottom: 15px; padding: 0px; color: #474e58; font-family: Arial, Helvetica, sans-serif; font-size: 12.8px; letter-spacing: normal; background-color: #fafafa;\">c) Die Wassersportschule 4Sailors beh\u00e4lt sich das Recht vor, ohne Einhaltung einer Frist vom Vertrage zur\u00fcckzutreten, wenn die geforderte Mindestteilnehmerzahl der jeweiligen Kursausschreibung nicht erreicht wird. Gleiches gilt im Falle h\u00f6herer Gewalt (Starkwind, Blitzschlag) oder bei Zerst\u00f6rung des Materials durch Kollisionen oder Vandalismus.\u00a0 Weitergehende Anspr\u00fcche bestehen nicht.<\/p><p style=\"margin-bottom: 15px; padding: 0px; color: #474e58; font-family: Arial, Helvetica, sans-serif; font-size: 12.8px; letter-spacing: normal; background-color: #fafafa;\">d) Teilnehmer, die einen Lehrgang nachhaltig st\u00f6ren, sich vertragswidrig verhalten oder sich und andere vors\u00e4tzlich gef\u00e4hrden, k\u00f6nnen von der weiteren Teilnahme ausgeschlossen werden.<\/p><p style=\"margin-bottom: 15px; padding: 0px; color: #474e58; font-family: Arial, Helvetica, sans-serif; font-size: 12.8px; letter-spacing: normal; background-color: #fafafa;\"><b>3. Mitwirkungspflicht<\/b><\/p><p style=\"margin-bottom: 15px; padding: 0px; color: #474e58; font-family: Arial, Helvetica, sans-serif; font-size: 12.8px; letter-spacing: normal; background-color: #fafafa;\">Der Teilnehmer ist bei eventuell auftretenden Leistungsst\u00f6rungen verpflichtet, alles ihm Zumutbare zu tun, um zu einer Behebung der St\u00f6rung beizutragen und den evtl. entstandenen Schaden so gering wie m\u00f6glich zu halten.<\/p><p style=\"margin-bottom: 15px; padding: 0px; color: #474e58; font-family: Arial, Helvetica, sans-serif; font-size: 12.8px; letter-spacing: normal; background-color: #fafafa;\"><b>4.Sicherheit \/ Durchf\u00fchrungsbedingungen<\/b><\/p><p style=\"margin-bottom: 15px; padding: 0px; color: #474e58; font-family: Arial, Helvetica, sans-serif; font-size: 12.8px; letter-spacing: normal; background-color: #fafafa;\">Den Anweisungen des Ausbilders ist Folge zu leisten. Ab Windst\u00e4rke 3 der Beaufortskala sind Schwimmwesten anzulegen. Brillen sind gegen Verlust zu sichern.<\/p><p style=\"margin-bottom: 15px; padding: 0px; color: #474e58; font-family: Arial, Helvetica, sans-serif; font-size: 12.8px; letter-spacing: normal; background-color: #fafafa;\"><b>5. Sorgfaltspflicht<\/b><\/p><p style=\"margin-bottom: 15px; padding: 0px; color: #474e58; font-family: Arial, Helvetica, sans-serif; font-size: 12.8px; letter-spacing: normal; background-color: #fafafa;\">a) Die Sicherheit und Betriebsbereitschaft des Materials wird durch regelm\u00e4\u00dfige Inspektionen sichergestellt. Dennoch ist der Teilnehmer\/Mieter verpflichtet, das Material vor Fahrtantritt zu \u00fcberpr\u00fcfen. Im Interesse aller Beteiligten ist jeder Teilnehmer verpflichtet, entstandene Sch\u00e4den sofort anzuzeigen.<\/p><p style=\"margin-bottom: 15px; padding: 0px; color: #474e58; font-family: Arial, Helvetica, sans-serif; font-size: 12.8px; letter-spacing: normal; background-color: #fafafa;\">b) Falls die Betriebsbereitschaft des Materials durch Nichtbeachtung der Anweisung des Ausbilders oder durch fahrl\u00e4ssige oder sogar vors\u00e4tzliche Verhaltensweisen des Teilnehmers nicht mehr gew\u00e4hrleistet ist, besteht f\u00fcr den durch die Tatbestandsaufnahme und St\u00f6rungsbeseitigung entstandenen Zeitverlust kein Anspruch auf Schadensersatz seitens des Teilnehmers.<\/p><p style=\"margin-bottom: 15px; padding: 0px; color: #474e58; font-family: Arial, Helvetica, sans-serif; font-size: 12.8px; letter-spacing: normal; background-color: #fafafa;\"><b>6. Haftung<\/b><\/p><p style=\"margin-bottom: 15px; padding: 0px; color: #474e58; font-family: Arial, Helvetica, sans-serif; font-size: 12.8px; letter-spacing: normal; background-color: #fafafa;\">a) Die Wassersportschule 4Sailors haftet f\u00fcr die gewissenhafte Lehrgangs- und Veranstaltungsvorbereitung, die sorgf\u00e4ltige Auswahl und \u00dcberwachung der Leistungstr\u00e4ger, die Richtigkeit der Kursausschreibung und die ordnungsgem\u00e4\u00dfe Erbringung der vertraglich vereinbarten Leistung sowie f\u00fcr die gewissenhafte Durchf\u00fchrung der Inspektionen zur Sicherstellung der Betriebsbereitschaft des Materials.<\/p><p style=\"margin-bottom: 15px; padding: 0px; color: #474e58; font-family: Arial, Helvetica, sans-serif; font-size: 12.8px; letter-spacing: normal; background-color: #fafafa;\">b) Die Haftung f\u00fcr Sach- und Personensch\u00e4den ist ausgeschlossen.<\/p><p style=\"margin-bottom: 15px; padding: 0px; color: #474e58; font-family: Arial, Helvetica, sans-serif; font-size: 12.8px; letter-spacing: normal; background-color: #fafafa;\">c) Bei selbst- und fremdverursachten Sch\u00e4den trifft den Teilnehmer eine Anzeigepflicht. Der Teilnehmer \u00a0verpflichtet sich, das Material wie sein Eigentum nach den Regeln guter Seemannschaft zu behandeln und zu f\u00fchren.<\/p><p style=\"margin-bottom: 15px; padding: 0px; color: #474e58; font-family: Arial, Helvetica, sans-serif; font-size: 12.8px; letter-spacing: normal; background-color: #fafafa;\">d) F\u00fcr selbstverschuldete Sch\u00e4den (einschlie\u00dflich Ausfall- und Folgesch\u00e4den) an dem\u00a0 und Ausr\u00fcstung haftet der Teilnehmer pers\u00f6nlich.<\/p><p style=\"margin-bottom: 15px; padding: 0px; color: #474e58; font-family: Arial, Helvetica, sans-serif; font-size: 12.8px; letter-spacing: normal; background-color: #fafafa;\">e) F\u00fcr den Verlust von Wertgegenst\u00e4nden, Brillen, Geld und sonstigen Gegenst\u00e4nden sowie Schl\u00fcsseln wird keine Haftung \u00fcbernommen.<\/p><p style=\"margin-bottom: 15px; padding: 0px; color: #474e58; font-family: Arial, Helvetica, sans-serif; font-size: 12.8px; letter-spacing: normal; background-color: #fafafa;\"><b>7. Salvatorische Klausel<\/b><\/p><p style=\"margin-bottom: 15px; padding: 0px; color: #474e58; font-family: Arial, Helvetica, sans-serif; font-size: 12.8px; letter-spacing: normal; background-color: #fafafa;\">Die Unwirksamkeit einzelner Bestimmungen hat nicht die Unwirksamkeit des gesamten Vertrages zur Folge. Die Vertragsparteien verpflichten sich, eine etwa ung\u00fcltige Bestimmung nach M\u00f6glichkeit durch eine dem mutma\u00dflichen Willen entsprechende Klausel zu<\/p>\t\t\t\t\t\t\t\t<\/div>\n\t\t\t\t<\/div>\n\t\t\t\t\t<\/div>\n\t\t<\/div>\n\t\t\t\t\t<\/div>\n\t\t<\/section>\n\t\t\t\t<\/div>\n\t\t","protected":false},"excerpt":{"rendered":"<p>Allgemeine Gesch\u00e4ftsbedingungen &nbsp; &nbsp;Wassersportschule 4-Sailors 1. Kursteilnehmer und Mieterkreis Teilnahme- und mietberechtigt ist jede Person, die weder gesundheitlich noch konditionell beeintr\u00e4chtigt ist, den Stand up Paddeln ohne Gefahr f\u00fcr sich und andere auszu\u00fcben. Voraussetzung f\u00fcr die Teilnahme an allen Kursen ist die F\u00e4higkeit, mindestens 15 Minuten im freien Wasser ohne Hilfsmittel schwimmen zu k\u00f6nnen. Bei&hellip; <a class=\"more-link\" href=\"https:\/\/4sailors.de\/?page_id=33\"><span class=\"screen-reader-text\">Allgemeine Gesch\u00e4ftsbedingungen<\/span> weiterlesen<\/a><\/p>\n","protected":false},"author":1,"featured_media":0,"parent":0,"menu_order":0,"comment_status":"closed","ping_status":"closed","template":"","meta":{"footnotes":""},"_links":{"self":[{"href":"https:\/\/4sailors.de\/index.php?rest_route=\/wp\/v2\/pages\/33"}],"collection":[{"href":"https:\/\/4sailors.de\/index.php?rest_route=\/wp\/v2\/pages"}],"about":[{"href":"https:\/\/4sailors.de\/index.php?rest_route=\/wp\/v2\/types\/page"}],"author":[{"embeddable":true,"href":"https:\/\/4sailors.de\/index.php?rest_route=\/wp\/v2\/users\/1"}],"replies":[{"embeddable":true,"href":"https:\/\/4sailors.de\/index.php?rest_route=%2Fwp%2Fv2%2Fcomments&post=33"}],"version-history":[{"count":3,"href":"https:\/\/4sailors.de\/index.php?rest_route=\/wp\/v2\/pages\/33\/revisions"}],"predecessor-version":[{"id":122,"href":"https:\/\/4sailors.de\/index.php?rest_route=\/wp\/v2\/pages\/33\/revisions\/122"}],"wp:attachment":[{"href":"https:\/\/4sailors.de\/index.php?rest_route=%2Fwp%2Fv2%2Fmedia&parent=33"}],"curies":[{"name":"wp","href":"https:\/\/api.w.org\/{rel}","templated":true}]}}