{"id":49,"date":"2020-03-03T13:10:02","date_gmt":"2020-03-03T13:10:02","guid":{"rendered":"http:\/\/4sailors.de\/?page_id=49"},"modified":"2022-06-28T19:53:22","modified_gmt":"2022-06-28T19:53:22","slug":"kontakt","status":"publish","type":"page","link":"https:\/\/4sailors.de\/?page_id=49","title":{"rendered":"Kontakt"},"content":{"rendered":"\t\t<div data-elementor-type=\"wp-page\" data-elementor-id=\"49\" class=\"elementor elementor-49\">\n\t\t\t\t\t\t<section class=\"elementor-section elementor-top-section elementor-element elementor-element-38e2ae1 elementor-section-boxed elementor-section-height-default elementor-section-height-default\" data-id=\"38e2ae1\" data-element_type=\"section\">\n\t\t\t\t\t\t<div class=\"elementor-container elementor-column-gap-default\">\n\t\t\t\t\t<div class=\"elementor-column elementor-col-100 elementor-top-column elementor-element elementor-element-9f4898b\" data-id=\"9f4898b\" data-element_type=\"column\">\n\t\t\t<div class=\"elementor-widget-wrap elementor-element-populated\">\n\t\t\t\t\t\t<div class=\"elementor-element elementor-element-465a97c elementor-widget elementor-widget-heading\" data-id=\"465a97c\" data-element_type=\"widget\" data-widget_type=\"heading.default\">\n\t\t\t\t<div class=\"elementor-widget-container\">\n\t\t\t\t\t<h2 class=\"elementor-heading-title elementor-size-default\">Unverbindliche Anfrage \/ Buchung<\/h2>\t\t\t\t<\/div>\n\t\t\t\t<\/div>\n\t\t\t\t<section class=\"elementor-section elementor-inner-section elementor-element elementor-element-d93ac20 elementor-section-boxed elementor-section-height-default elementor-section-height-default\" data-id=\"d93ac20\" data-element_type=\"section\">\n\t\t\t\t\t\t<div class=\"elementor-container elementor-column-gap-default\">\n\t\t\t\t\t<div class=\"elementor-column elementor-col-50 elementor-inner-column elementor-element elementor-element-99a1c00\" data-id=\"99a1c00\" data-element_type=\"column\">\n\t\t\t<div class=\"elementor-widget-wrap elementor-element-populated\">\n\t\t\t\t\t\t<div class=\"elementor-element elementor-element-675db84 elementor-widget elementor-widget-text-editor\" data-id=\"675db84\" data-element_type=\"widget\" data-widget_type=\"text-editor.default\">\n\t\t\t\t<div class=\"elementor-widget-container\">\n\t\t\t\t\t\t\t\t\t<div class=\"wpforms-container wpforms-container-full\" id=\"wpforms-112\"><form id=\"wpforms-form-112\" class=\"wpforms-validate wpforms-form\" data-formid=\"112\" method=\"post\" enctype=\"multipart\/form-data\" action=\"\/index.php?rest_route=%2Fwp%2Fv2%2Fpages%2F49\" data-token=\"2421e25c1f5f530134f747b3d1b339f7\" data-token-time=\"1775398669\"><noscript class=\"wpforms-error-noscript\">Bitte aktiviere JavaScript in deinem Browser, um dieses Formular fertigzustellen.<\/noscript><div class=\"wpforms-field-container\"><div id=\"wpforms-112-field_1-container\" class=\"wpforms-field wpforms-field-select\" data-field-id=\"1\"><label class=\"wpforms-field-label\" for=\"wpforms-112-field_1\">Anfrageart<\/label><select id=\"wpforms-112-field_1\" class=\"wpforms-field-medium\" name=\"wpforms[fields][1]\"><option value=\"Windsurfen\"  selected='selected' class=\"choice-1 depth-1\"  >Windsurfen<\/option><option value=\"SUP\"  class=\"choice-2 depth-1\"  >SUP<\/option><option value=\"Sportartikel\"  class=\"choice-3 depth-1\"  >Sportartikel<\/option><\/select><\/div><div id=\"wpforms-112-field_5-container\" class=\"wpforms-field wpforms-field-name\" data-field-id=\"5\"><label class=\"wpforms-field-label\">Name <span class=\"wpforms-required-label\">*<\/span><\/label><div class=\"wpforms-field-row wpforms-field-medium\"><div class=\"wpforms-field-row-block wpforms-first wpforms-one-half\"><input type=\"text\" id=\"wpforms-112-field_5\" class=\"wpforms-field-name-first wpforms-field-required\" name=\"wpforms[fields][5][first]\" required><label for=\"wpforms-112-field_5\" class=\"wpforms-field-sublabel after\">Vorname<\/label><\/div><div class=\"wpforms-field-row-block wpforms-one-half\"><input type=\"text\" id=\"wpforms-112-field_5-last\" class=\"wpforms-field-name-last wpforms-field-required\" name=\"wpforms[fields][5][last]\" required><label for=\"wpforms-112-field_5-last\" class=\"wpforms-field-sublabel after\">Nachname<\/label><\/div><\/div><\/div><div id=\"wpforms-112-field_6-container\" class=\"wpforms-field wpforms-field-email\" data-field-id=\"6\"><label class=\"wpforms-field-label\" for=\"wpforms-112-field_6\">E-Mail <span class=\"wpforms-required-label\">*<\/span><\/label><input type=\"email\" id=\"wpforms-112-field_6\" class=\"wpforms-field-medium wpforms-field-required\" name=\"wpforms[fields][6]\" spellcheck=\"false\" required><\/div><div id=\"wpforms-112-field_3-container\" class=\"wpforms-field wpforms-field-text\" data-field-id=\"3\"><label class=\"wpforms-field-label\" for=\"wpforms-112-field_3\">PLZ \/ Ort<\/label><input type=\"text\" id=\"wpforms-112-field_3\" class=\"wpforms-field-medium\" name=\"wpforms[fields][3]\" ><\/div><div id=\"wpforms-112-field_2-container\" class=\"wpforms-field wpforms-field-text\" data-field-id=\"2\"><label class=\"wpforms-field-label\" for=\"wpforms-112-field_2\">Stra\u00dfe<\/label><input type=\"text\" id=\"wpforms-112-field_2\" class=\"wpforms-field-medium\" name=\"wpforms[fields][2]\" ><\/div><div id=\"wpforms-112-field_4-container\" class=\"wpforms-field wpforms-field-text\" data-field-id=\"4\"><label class=\"wpforms-field-label\" for=\"wpforms-112-field_4\">Telefon<\/label><input type=\"text\" id=\"wpforms-112-field_4\" class=\"wpforms-field-medium\" name=\"wpforms[fields][4]\" ><\/div><div id=\"wpforms-112-field_7-container\" class=\"wpforms-field wpforms-field-textarea\" data-field-id=\"7\"><label class=\"wpforms-field-label\" for=\"wpforms-112-field_7\">Nachricht<\/label><textarea id=\"wpforms-112-field_7\" class=\"wpforms-field-medium\" name=\"wpforms[fields][7]\" ><\/textarea><\/div><div id=\"wpforms-112-field_8-container\" class=\"wpforms-field wpforms-field-checkbox\" data-field-id=\"8\"><label class=\"wpforms-field-label\">Zustimmung<\/label><ul id=\"wpforms-112-field_8\"><li class=\"choice-1 depth-1\"><input type=\"checkbox\" id=\"wpforms-112-field_8_1\" name=\"wpforms[fields][8][]\" value=\"Ich erkl\u00e4re mich mit den Datenschutzbestimmungen und den Allgemeinen Gesch\u00e4ftsbedingungen von Irene Hirsch einverstanden.\"  ><label class=\"wpforms-field-label-inline\" for=\"wpforms-112-field_8_1\">Ich erkl\u00e4re mich mit den Datenschutzbestimmungen und den Allgemeinen Gesch\u00e4ftsbedingungen von Irene Hirsch einverstanden.<\/label><\/li><\/ul><\/div><\/div><!-- .wpforms-field-container --><div class=\"wpforms-field wpforms-field-hp\"><label for=\"wpforms-112-field-hp\" class=\"wpforms-field-label\">Name<\/label><input type=\"text\" name=\"wpforms[hp]\" id=\"wpforms-112-field-hp\" class=\"wpforms-field-medium\"><\/div><div class=\"wpforms-submit-container\" ><input type=\"hidden\" name=\"wpforms[id]\" value=\"112\"><input type=\"hidden\" name=\"page_title\" value=\"\"><input type=\"hidden\" name=\"page_url\" value=\"https:\/\/4sailors.de\/index.php?rest_route=\/wp\/v2\/pages\/49\"><input type=\"hidden\" name=\"url_referer\" value=\"\"><button type=\"submit\" name=\"wpforms[submit]\" id=\"wpforms-submit-112\" class=\"wpforms-submit\" data-alt-text=\"Senden...\" data-submit-text=\"Absenden\" aria-live=\"assertive\" value=\"wpforms-submit\">Absenden<\/button><\/div><\/form><\/div>  <!-- .wpforms-container -->\t\t\t\t\t\t\t\t<\/div>\n\t\t\t\t<\/div>\n\t\t\t\t\t<\/div>\n\t\t<\/div>\n\t\t\t\t<div class=\"elementor-column elementor-col-50 elementor-inner-column elementor-element elementor-element-634d793\" data-id=\"634d793\" data-element_type=\"column\">\n\t\t\t<div class=\"elementor-widget-wrap elementor-element-populated\">\n\t\t\t\t\t\t<div class=\"elementor-element elementor-element-b5a3d16 elementor-widget elementor-widget-text-editor\" data-id=\"b5a3d16\" data-element_type=\"widget\" data-widget_type=\"text-editor.default\">\n\t\t\t\t<div class=\"elementor-widget-container\">\n\t\t\t\t\t\t\t\t\t<p>Anfragen zu Reservierungen und \u00d6ffnungszeiten.<\/p><p>Hier k\u00f6nnt ihr uns eine Nachricht zu einer Reservierung oder Anfragen f\u00fcr Leihmaterial und\/oder Kurse zukommen lassen.\u00a0<\/p><p><b>Wir werden uns umgehend bei Ihnen melden!<\/b><\/p>\t\t\t\t\t\t\t\t<\/div>\n\t\t\t\t<\/div>\n\t\t\t\t<div class=\"elementor-element elementor-element-0caa15b elementor-view-default elementor-position-top elementor-mobile-position-top elementor-widget elementor-widget-icon-box\" data-id=\"0caa15b\" data-element_type=\"widget\" data-widget_type=\"icon-box.default\">\n\t\t\t\t<div class=\"elementor-widget-container\">\n\t\t\t\t\t\t\t<div class=\"elementor-icon-box-wrapper\">\n\n\t\t\t\t\t\t<div class=\"elementor-icon-box-icon\">\n\t\t\t\t<span  class=\"elementor-icon\">\n\t\t\t\t<i aria-hidden=\"true\" class=\"fas fa-phone-square-alt\"><\/i>\t\t\t\t<\/span>\n\t\t\t<\/div>\n\t\t\t\n\t\t\t\t\t\t<div class=\"elementor-icon-box-content\">\n\n\t\t\t\t\t\t\t\t\t<h3 class=\"elementor-icon-box-title\">\n\t\t\t\t\t\t<span  >\n\t\t\t\t\t\t\t0173 9725591\t\t\t\t\t\t<\/span>\n\t\t\t\t\t<\/h3>\n\t\t\t\t\n\t\t\t\t\t\t\t\t\t<p class=\"elementor-icon-box-description\">\n\t\t\t\t\t\tMeldet Euch auch gerne telefonisch bei uns!\t\t\t\t\t<\/p>\n\t\t\t\t\n\t\t\t<\/div>\n\t\t\t\n\t\t<\/div>\n\t\t\t\t\t\t<\/div>\n\t\t\t\t<\/div>\n\t\t\t\t<div class=\"elementor-element elementor-element-93be8a5 elementor-widget elementor-widget-image\" data-id=\"93be8a5\" data-element_type=\"widget\" data-widget_type=\"image.default\">\n\t\t\t\t<div class=\"elementor-widget-container\">\n\t\t\t\t\t\t\t\t\t\t\t\t\t\t\t\t<a href=\"http:\/\/4sailors.de\/wp-content\/uploads\/2020\/03\/preisliste-01-large-scaled.jpg\" data-elementor-open-lightbox=\"yes\" data-elementor-lightbox-title=\"preisliste-01-large\" data-e-action-hash=\"#elementor-action%3Aaction%3Dlightbox%26settings%3DeyJpZCI6MTEzLCJ1cmwiOiJodHRwczpcL1wvNHNhaWxvcnMuZGVcL3dwLWNvbnRlbnRcL3VwbG9hZHNcLzIwMjBcLzAzXC9wcmVpc2xpc3RlLTAxLWxhcmdlLXNjYWxlZC5qcGcifQ%3D%3D\">\n\t\t\t\t\t\t\t<img fetchpriority=\"high\" decoding=\"async\" width=\"724\" height=\"1024\" src=\"https:\/\/4sailors.de\/wp-content\/uploads\/2020\/03\/preisliste-01-large-724x1024.jpg\" class=\"elementor-animation-grow attachment-large size-large wp-image-113\" alt=\"\" srcset=\"https:\/\/4sailors.de\/wp-content\/uploads\/2020\/03\/preisliste-01-large-724x1024.jpg 724w, https:\/\/4sailors.de\/wp-content\/uploads\/2020\/03\/preisliste-01-large-212x300.jpg 212w, https:\/\/4sailors.de\/wp-content\/uploads\/2020\/03\/preisliste-01-large-768x1086.jpg 768w, https:\/\/4sailors.de\/wp-content\/uploads\/2020\/03\/preisliste-01-large-1086x1536.jpg 1086w, https:\/\/4sailors.de\/wp-content\/uploads\/2020\/03\/preisliste-01-large-1448x2048.jpg 1448w, https:\/\/4sailors.de\/wp-content\/uploads\/2020\/03\/preisliste-01-large-scaled.jpg 1810w\" sizes=\"(max-width: 724px) 100vw, 724px\" style=\"width:100%;height:141.44%;max-width:1810px\" \/>\t\t\t\t\t\t\t\t<\/a>\n\t\t\t\t\t\t\t\t\t\t\t\t\t\t\t<\/div>\n\t\t\t\t<\/div>\n\t\t\t\t\t<\/div>\n\t\t<\/div>\n\t\t\t\t\t<\/div>\n\t\t<\/section>\n\t\t\t\t<section class=\"elementor-section elementor-inner-section elementor-element elementor-element-a802166 elementor-section-boxed elementor-section-height-default elementor-section-height-default\" data-id=\"a802166\" data-element_type=\"section\">\n\t\t\t\t\t\t<div class=\"elementor-container elementor-column-gap-default\">\n\t\t\t\t\t<div class=\"elementor-column elementor-col-50 elementor-inner-column elementor-element elementor-element-48b3a4e\" data-id=\"48b3a4e\" data-element_type=\"column\">\n\t\t\t<div class=\"elementor-widget-wrap elementor-element-populated\">\n\t\t\t\t\t\t<div class=\"elementor-element elementor-element-144ee5e elementor-widget elementor-widget-heading\" data-id=\"144ee5e\" data-element_type=\"widget\" data-widget_type=\"heading.default\">\n\t\t\t\t<div class=\"elementor-widget-container\">\n\t\t\t\t\t<h2 class=\"elementor-heading-title elementor-size-default\">Datenschutz\/Allgemeine Gesch\u00e4ftsbedingungen<\/h2>\t\t\t\t<\/div>\n\t\t\t\t<\/div>\n\t\t\t\t<div class=\"elementor-element elementor-element-31ceacd elementor-widget elementor-widget-text-editor\" data-id=\"31ceacd\" data-element_type=\"widget\" data-widget_type=\"text-editor.default\">\n\t\t\t\t<div class=\"elementor-widget-container\">\n\t\t\t\t\t\t\t\t\t<p>Mit Absenden der Nachricht erkennst du unsere\u00a0<a href=\"https:\/\/4sailors.de\/?page_id=29\" target=\"_blank\" rel=\"noopener\">Datenschutzbedingungen\u00a0<\/a>und\u00a0<a href=\"https:\/\/4sailors.de\/?page_id=33\" target=\"_blank\" rel=\"noopener\">Allgemeinen Gesch\u00e4ftsbedingungen<\/a>\u00a0an.<\/p><p>Hinweis: Es werden deine von uns zur Verf\u00fcgung gestellten Daten lediglich dazu verwendet mit DIR in Kontakt zu treten und nicht an Dritte weitergegeben.\u00a0<\/p>\t\t\t\t\t\t\t\t<\/div>\n\t\t\t\t<\/div>\n\t\t\t\t\t<\/div>\n\t\t<\/div>\n\t\t\t\t<div class=\"elementor-column elementor-col-50 elementor-inner-column elementor-element elementor-element-ada7951\" data-id=\"ada7951\" data-element_type=\"column\">\n\t\t\t<div class=\"elementor-widget-wrap elementor-element-populated\">\n\t\t\t\t\t\t<div class=\"elementor-element elementor-element-3807fd4 elementor-widget elementor-widget-google_maps\" data-id=\"3807fd4\" data-element_type=\"widget\" data-widget_type=\"google_maps.default\">\n\t\t\t\t<div class=\"elementor-widget-container\">\n\t\t\t\t\t\t\t<div class=\"elementor-custom-embed\">\n\t\t\t<iframe loading=\"lazy\"\n\t\t\t\t\tsrc=\"https:\/\/maps.google.com\/maps?q=49%C2%B017%2719.7%22N%2012%C2%B009%2754.0%22E&#038;t=m&#038;z=15&#038;output=embed&#038;iwloc=near\"\n\t\t\t\t\ttitle=\"49\u00b017&#039;19.7&quot;N 12\u00b009&#039;54.0&quot;E\"\n\t\t\t\t\taria-label=\"49\u00b017&#039;19.7&quot;N 12\u00b009&#039;54.0&quot;E\"\n\t\t\t><\/iframe>\n\t\t<\/div>\n\t\t\t\t\t\t<\/div>\n\t\t\t\t<\/div>\n\t\t\t\t\t<\/div>\n\t\t<\/div>\n\t\t\t\t\t<\/div>\n\t\t<\/section>\n\t\t\t\t\t<\/div>\n\t\t<\/div>\n\t\t\t\t\t<\/div>\n\t\t<\/section>\n\t\t\t\t<\/div>\n\t\t","protected":false},"excerpt":{"rendered":"<p>Unverbindliche Anfrage \/ Buchung Anfragen zu Reservierungen und \u00d6ffnungszeiten. Hier k\u00f6nnt ihr uns eine Nachricht zu einer Reservierung oder Anfragen f\u00fcr Leihmaterial und\/oder Kurse zukommen lassen.&nbsp; Wir werden uns umgehend bei Ihnen melden! 0173 9725591 Meldet Euch auch gerne telefonisch bei uns! Datenschutz\/Allgemeine Gesch\u00e4ftsbedingungen Mit Absenden der Nachricht erkennst du unsere&nbsp;Datenschutzbedingungen&nbsp;und&nbsp;Allgemeinen Gesch\u00e4ftsbedingungen&nbsp;an. Hinweis: Es werden&hellip; <a class=\"more-link\" href=\"https:\/\/4sailors.de\/?page_id=49\"><span class=\"screen-reader-text\">Kontakt<\/span> weiterlesen<\/a><\/p>\n","protected":false},"author":1,"featured_media":0,"parent":0,"menu_order":0,"comment_status":"closed","ping_status":"closed","template":"elementor_header_footer","meta":{"footnotes":""},"_links":{"self":[{"href":"https:\/\/4sailors.de\/index.php?rest_route=\/wp\/v2\/pages\/49"}],"collection":[{"href":"https:\/\/4sailors.de\/index.php?rest_route=\/wp\/v2\/pages"}],"about":[{"href":"https:\/\/4sailors.de\/index.php?rest_route=\/wp\/v2\/types\/page"}],"author":[{"embeddable":true,"href":"https:\/\/4sailors.de\/index.php?rest_route=\/wp\/v2\/users\/1"}],"replies":[{"embeddable":true,"href":"https:\/\/4sailors.de\/index.php?rest_route=%2Fwp%2Fv2%2Fcomments&post=49"}],"version-history":[{"count":3,"href":"https:\/\/4sailors.de\/index.php?rest_route=\/wp\/v2\/pages\/49\/revisions"}],"predecessor-version":[{"id":226,"href":"https:\/\/4sailors.de\/index.php?rest_route=\/wp\/v2\/pages\/49\/revisions\/226"}],"wp:attachment":[{"href":"https:\/\/4sailors.de\/index.php?rest_route=%2Fwp%2Fv2%2Fmedia&parent=49"}],"curies":[{"name":"wp","href":"https:\/\/api.w.org\/{rel}","templated":true}]}}